{"id":93,"date":"2018-02-13T09:43:15","date_gmt":"2018-02-13T11:43:15","guid":{"rendered":"http:\/\/demo.accesspressthemes.com\/agensy\/?page_id=93"},"modified":"2020-06-16T12:13:23","modified_gmt":"2020-06-16T15:13:23","slug":"drywallplacaacartonado","status":"publish","type":"page","link":"http:\/\/tcforros.com.br\/index.php\/drywallplacaacartonado\/","title":{"rendered":"Placa acartonado"},"content":{"rendered":"<p style=\"text-align: left;\">Constitu\u00eddas por gesso revestido com duas folhas de papel cart\u00e3o, as placas s\u00e3o utilizadas na constru\u00e7\u00e3o de forros e paredes em ambientes internos . Existem tr\u00eas tipos de placas sendo elas : ST \u2013 STANDARD conhecida como placa branca ou cinza geralmente s\u00e3o usadas em \u00e1reas secas. RU (verde) sua composi\u00e7\u00e3o qu\u00edmica possuem componentes hidrofugantes, significa que protegem a superf\u00edcie contra respingos e umidade, vale ressaltar que ela n\u00e3o \u00e9 a PROVA D\u2019\u00e1gua. S\u00e3o indicadas seu uso para \u00e1reas internas como lavabo, cozinha, banheiros, lavat\u00f3rio, aceitando em sua superf\u00edcie revestimento como porcelanato, cer\u00e2mica, pastilhas.RF (rosa) com a presen\u00e7a de fibra de vidro em sua composi\u00e7\u00e3o, fator que garante maior resist\u00eancia ao fogo e calor,essa placa \u00e9 indicada para \u00e1reas com risco de inc\u00eandio.\u00a0 As placas de gesso acartonado especiais (perfuradas) , s\u00e3o placas que possuem elevado \u00edndice de absor\u00e7\u00e3o <em>ac\u00fastica, podem ser usadas em forros e paredes <\/em>garantindo ao ambiente requinte com uma alta absor\u00e7\u00e3o <em>ac\u00fastica.<\/em><\/p>\n","protected":false},"excerpt":{"rendered":"<p>Constitu\u00eddas por gesso revestido com duas folhas de papel cart\u00e3o, as placas s\u00e3o utilizadas na constru\u00e7\u00e3o de forros e paredes em ambientes internos . Existem tr\u00eas tipos de placas sendo elas : ST \u2013 STANDARD conhecida como placa branca ou cinza geralmente s\u00e3o usadas em \u00e1reas secas. RU (verde) sua composi\u00e7\u00e3o qu\u00edmica possuem componentes hidrofugantes,&hellip; <a class=\"more-link\" href=\"http:\/\/tcforros.com.br\/index.php\/drywallplacaacartonado\/\">Continuar lendo <span class=\"screen-reader-text\">Placa acartonado<\/span><\/a><\/p>\n","protected":false},"author":1,"featured_media":0,"parent":0,"menu_order":0,"comment_status":"closed","ping_status":"closed","template":"","meta":{"footnotes":""},"_links":{"self":[{"href":"http:\/\/tcforros.com.br\/index.php\/wp-json\/wp\/v2\/pages\/93"}],"collection":[{"href":"http:\/\/tcforros.com.br\/index.php\/wp-json\/wp\/v2\/pages"}],"about":[{"href":"http:\/\/tcforros.com.br\/index.php\/wp-json\/wp\/v2\/types\/page"}],"author":[{"embeddable":true,"href":"http:\/\/tcforros.com.br\/index.php\/wp-json\/wp\/v2\/users\/1"}],"replies":[{"embeddable":true,"href":"http:\/\/tcforros.com.br\/index.php\/wp-json\/wp\/v2\/comments?post=93"}],"version-history":[{"count":8,"href":"http:\/\/tcforros.com.br\/index.php\/wp-json\/wp\/v2\/pages\/93\/revisions"}],"predecessor-version":[{"id":3734,"href":"http:\/\/tcforros.com.br\/index.php\/wp-json\/wp\/v2\/pages\/93\/revisions\/3734"}],"wp:attachment":[{"href":"http:\/\/tcforros.com.br\/index.php\/wp-json\/wp\/v2\/media?parent=93"}],"curies":[{"name":"wp","href":"https:\/\/api.w.org\/{rel}","templated":true}]}}