{"id":4886,"date":"2023-09-14T00:37:23","date_gmt":"2023-09-14T03:37:23","guid":{"rendered":"https:\/\/tcforros.com.br\/?page_id=4886"},"modified":"2023-09-14T00:45:57","modified_gmt":"2023-09-14T03:45:57","slug":"produtos-2","status":"publish","type":"page","link":"http:\/\/tcforros.com.br\/index.php\/produtos-2\/","title":{"rendered":"Produtos"},"content":{"rendered":"\t\t<div data-elementor-type=\"wp-page\" data-elementor-id=\"4886\" class=\"elementor elementor-4886\" data-elementor-post-type=\"page\">\n\t\t\t\t\t\t<div class=\"elementor-inner\">\n\t\t\t\t<div class=\"elementor-section-wrap\">\n\t\t\t\t\t\t\t\t\t<section class=\"elementor-section elementor-top-section elementor-element elementor-element-7c57e27d elementor-section-boxed elementor-section-height-default elementor-section-height-default\" data-id=\"7c57e27d\" data-element_type=\"section\" data-settings=\"{&quot;_ha_eqh_enable&quot;:false}\">\n\t\t\t\t\t\t<div class=\"elementor-container elementor-column-gap-default\">\n\t\t\t\t\t\t\t<div class=\"elementor-row\">\n\t\t\t\t\t<div class=\"elementor-column elementor-col-100 elementor-top-column elementor-element elementor-element-589f636f\" data-id=\"589f636f\" data-element_type=\"column\">\n\t\t\t<div class=\"elementor-column-wrap elementor-element-populated\">\n\t\t\t\t\t\t\t<div class=\"elementor-widget-wrap\">\n\t\t\t\t\t\t<div class=\"elementor-element elementor-element-21bf3566 elementor-widget elementor-widget-heading\" data-id=\"21bf3566\" data-element_type=\"widget\" data-widget_type=\"heading.default\">\n\t\t\t\t<div class=\"elementor-widget-container\">\n\t\t\t<h1 class=\"elementor-heading-title elementor-size-default\">PRODUTOS DE ALTA QUALIDADE.<\/h1>\t\t<\/div>\n\t\t\t\t<\/div>\n\t\t\t\t\t\t<\/div>\n\t\t\t\t\t<\/div>\n\t\t<\/div>\n\t\t\t\t\t\t\t\t<\/div>\n\t\t\t\t\t<\/div>\n\t\t<\/section>\n\t\t\t\t<section class=\"elementor-section elementor-top-section elementor-element elementor-element-acecf6d elementor-section-boxed elementor-section-height-default elementor-section-height-default\" data-id=\"acecf6d\" data-element_type=\"section\" data-settings=\"{&quot;_ha_eqh_enable&quot;:false}\">\n\t\t\t\t\t\t<div class=\"elementor-container elementor-column-gap-default\">\n\t\t\t\t\t\t\t<div class=\"elementor-row\">\n\t\t\t\t\t<div class=\"elementor-column elementor-col-25 elementor-top-column elementor-element elementor-element-8ce7128\" data-id=\"8ce7128\" data-element_type=\"column\">\n\t\t\t<div class=\"elementor-column-wrap\">\n\t\t\t\t\t\t\t<div class=\"elementor-widget-wrap\">\n\t\t\t\t\t\t\t\t<\/div>\n\t\t\t\t\t<\/div>\n\t\t<\/div>\n\t\t\t\t<div class=\"elementor-column elementor-col-25 elementor-top-column elementor-element elementor-element-3141556\" data-id=\"3141556\" data-element_type=\"column\">\n\t\t\t<div class=\"elementor-column-wrap\">\n\t\t\t\t\t\t\t<div class=\"elementor-widget-wrap\">\n\t\t\t\t\t\t\t\t<\/div>\n\t\t\t\t\t<\/div>\n\t\t<\/div>\n\t\t\t\t<div class=\"elementor-column elementor-col-25 elementor-top-column elementor-element elementor-element-d66eb67\" data-id=\"d66eb67\" data-element_type=\"column\">\n\t\t\t<div class=\"elementor-column-wrap\">\n\t\t\t\t\t\t\t<div class=\"elementor-widget-wrap\">\n\t\t\t\t\t\t\t\t<\/div>\n\t\t\t\t\t<\/div>\n\t\t<\/div>\n\t\t\t\t<div class=\"elementor-column elementor-col-25 elementor-top-column elementor-element elementor-element-6633d58\" data-id=\"6633d58\" data-element_type=\"column\">\n\t\t\t<div class=\"elementor-column-wrap\">\n\t\t\t\t\t\t\t<div class=\"elementor-widget-wrap\">\n\t\t\t\t\t\t\t\t<\/div>\n\t\t\t\t\t<\/div>\n\t\t<\/div>\n\t\t\t\t\t\t\t\t<\/div>\n\t\t\t\t\t<\/div>\n\t\t<\/section>\n\t\t\t\t<section class=\"elementor-section elementor-top-section elementor-element elementor-element-f4ec6af elementor-section-boxed elementor-section-height-default elementor-section-height-default\" data-id=\"f4ec6af\" data-element_type=\"section\" data-settings=\"{&quot;_ha_eqh_enable&quot;:false}\">\n\t\t\t\t\t\t<div class=\"elementor-container elementor-column-gap-default\">\n\t\t\t\t\t\t\t<div class=\"elementor-row\">\n\t\t\t\t\t<div class=\"elementor-column elementor-col-50 elementor-top-column elementor-element elementor-element-c887bc6\" data-id=\"c887bc6\" data-element_type=\"column\">\n\t\t\t<div class=\"elementor-column-wrap elementor-element-populated\">\n\t\t\t\t\t\t\t<div class=\"elementor-widget-wrap\">\n\t\t\t\t\t\t<div class=\"elementor-element elementor-element-41397e5 elementor-widget__width-initial elementor-widget elementor-widget-text-editor\" data-id=\"41397e5\" data-element_type=\"widget\" data-widget_type=\"text-editor.default\">\n\t\t\t\t<div class=\"elementor-widget-container\">\n\t\t\t\t\t\t\t\t<div class=\"elementor-text-editor elementor-clearfix\">\n\t\t\t\t<p>Na TC Forros, apresentamos uma diversidade de produtos de alta qualidade para constru\u00e7\u00e3o a seco, cuidadosamente selecionados para atender suas necessidades est\u00e9ticas e funcionais. <\/p><p><br><\/p>\n<p>Nossa sele\u00e7\u00e3o \u00e9 fruto da colabora\u00e7\u00e3o com os principais fornecedores e marcas do mercado. Acreditamos que a excel\u00eancia come\u00e7a na escolha dos materiais certos. <br><br><\/p>\n<p><em><strong>Forros Modernos:<\/strong><\/em> Escolha entre nossa variedade de forros que se destacam por design e qualidade. Transforme seus espa\u00e7os com eleg\u00e2ncia e estilo.<br><br><\/p>\n<p><em><strong>Divis\u00f3rias customiz\u00e1veis:<\/strong><\/em> Nossas divis\u00f3rias vers\u00e1teis s\u00e3o adapt\u00e1veis a suas necessidades, permitindo a cria\u00e7\u00e3o de ambientes personalizados.<br><br><\/p>\n<p><em><strong>Revestimentos Dur\u00e1veis:<\/strong><\/em> Selecione entre nossa gama de revestimentos que combinam resist\u00eancia e beleza, conferindo um ambiente \u00fanico.<br><br><\/p>\n<p><em><strong>Materiais Premium:<\/strong><\/em> Trabalhamos somente com materiais de alta qualidade, assegurando resultados duradouros e excepcionais.<\/p>\n<p>Explore nossa variedade de produtos e inicie a modelagem de seu projeto de constru\u00e7\u00e3o a seco conosco. Entre em contato para obter informa\u00e7\u00f5es adicionais e encontrar a solu\u00e7\u00e3o perfeita para suas necessidades.<\/p>\t\t\t\t\t<\/div>\n\t\t\t\t\t\t<\/div>\n\t\t\t\t<\/div>\n\t\t\t\t\t\t<\/div>\n\t\t\t\t\t<\/div>\n\t\t<\/div>\n\t\t\t\t<div class=\"elementor-column elementor-col-50 elementor-top-column elementor-element elementor-element-d317462\" data-id=\"d317462\" data-element_type=\"column\">\n\t\t\t<div class=\"elementor-column-wrap\">\n\t\t\t\t\t\t\t<div class=\"elementor-widget-wrap\">\n\t\t\t\t\t\t\t\t<\/div>\n\t\t\t\t\t<\/div>\n\t\t<\/div>\n\t\t\t\t\t\t\t\t<\/div>\n\t\t\t\t\t<\/div>\n\t\t<\/section>\n\t\t\t\t\t\t\t\t\t<\/div>\n\t\t\t<\/div>\n\t\t\t\t\t<\/div>\n\t\t","protected":false},"excerpt":{"rendered":"<p>PRODUTOS DE ALTA QUALIDADE. Na TC Forros, apresentamos uma diversidade de produtos de alta qualidade para constru\u00e7\u00e3o a seco, cuidadosamente selecionados para atender suas necessidades est\u00e9ticas e funcionais. Nossa sele\u00e7\u00e3o \u00e9 fruto da colabora\u00e7\u00e3o com os principais fornecedores e marcas do mercado. Acreditamos que a excel\u00eancia come\u00e7a na escolha dos materiais certos. Forros Modernos: Escolha&hellip; <a class=\"more-link\" href=\"http:\/\/tcforros.com.br\/index.php\/produtos-2\/\">Continuar lendo <span class=\"screen-reader-text\">Produtos<\/span><\/a><\/p>\n","protected":false},"author":1,"featured_media":0,"parent":0,"menu_order":0,"comment_status":"closed","ping_status":"closed","template":"elementor_header_footer","meta":{"footnotes":""},"_links":{"self":[{"href":"http:\/\/tcforros.com.br\/index.php\/wp-json\/wp\/v2\/pages\/4886"}],"collection":[{"href":"http:\/\/tcforros.com.br\/index.php\/wp-json\/wp\/v2\/pages"}],"about":[{"href":"http:\/\/tcforros.com.br\/index.php\/wp-json\/wp\/v2\/types\/page"}],"author":[{"embeddable":true,"href":"http:\/\/tcforros.com.br\/index.php\/wp-json\/wp\/v2\/users\/1"}],"replies":[{"embeddable":true,"href":"http:\/\/tcforros.com.br\/index.php\/wp-json\/wp\/v2\/comments?post=4886"}],"version-history":[{"count":34,"href":"http:\/\/tcforros.com.br\/index.php\/wp-json\/wp\/v2\/pages\/4886\/revisions"}],"predecessor-version":[{"id":4923,"href":"http:\/\/tcforros.com.br\/index.php\/wp-json\/wp\/v2\/pages\/4886\/revisions\/4923"}],"wp:attachment":[{"href":"http:\/\/tcforros.com.br\/index.php\/wp-json\/wp\/v2\/media?parent=4886"}],"curies":[{"name":"wp","href":"https:\/\/api.w.org\/{rel}","templated":true}]}}