{"id":10,"date":"2018-02-13T08:05:11","date_gmt":"2018-02-13T10:05:11","guid":{"rendered":"http:\/\/demo.accesspressthemes.com\/agensy\/?page_id=10"},"modified":"2023-09-14T00:33:37","modified_gmt":"2023-09-14T03:33:37","slug":"quem-somos","status":"publish","type":"page","link":"http:\/\/tcforros.com.br\/index.php\/quem-somos\/","title":{"rendered":"Quem Somos"},"content":{"rendered":"\t\t<div data-elementor-type=\"wp-page\" data-elementor-id=\"10\" class=\"elementor elementor-10\" data-elementor-post-type=\"page\">\n\t\t\t\t\t\t<div class=\"elementor-inner\">\n\t\t\t\t<div class=\"elementor-section-wrap\">\n\t\t\t\t\t\t\t\t\t<section class=\"elementor-section elementor-top-section elementor-element elementor-element-e7b872a elementor-section-boxed elementor-section-height-default elementor-section-height-default\" data-id=\"e7b872a\" data-element_type=\"section\" data-settings=\"{&quot;_ha_eqh_enable&quot;:false}\">\n\t\t\t\t\t\t<div class=\"elementor-container elementor-column-gap-default\">\n\t\t\t\t\t\t\t<div class=\"elementor-row\">\n\t\t\t\t\t<div class=\"elementor-column elementor-col-100 elementor-top-column elementor-element elementor-element-4e2eb46\" data-id=\"4e2eb46\" data-element_type=\"column\">\n\t\t\t<div class=\"elementor-column-wrap elementor-element-populated\">\n\t\t\t\t\t\t\t<div class=\"elementor-widget-wrap\">\n\t\t\t\t\t\t<div class=\"elementor-element elementor-element-dbd0a0e elementor-widget elementor-widget-heading\" data-id=\"dbd0a0e\" data-element_type=\"widget\" data-widget_type=\"heading.default\">\n\t\t\t\t<div class=\"elementor-widget-container\">\n\t\t\t<h1 class=\"elementor-heading-title elementor-size-default\">UM POUCO SOBRE N\u00d3S<\/h1>\t\t<\/div>\n\t\t\t\t<\/div>\n\t\t\t\t\t\t<\/div>\n\t\t\t\t\t<\/div>\n\t\t<\/div>\n\t\t\t\t\t\t\t\t<\/div>\n\t\t\t\t\t<\/div>\n\t\t<\/section>\n\t\t\t\t<section class=\"elementor-section elementor-top-section elementor-element elementor-element-d5c849e elementor-section-boxed elementor-section-height-default elementor-section-height-default\" data-id=\"d5c849e\" data-element_type=\"section\" data-settings=\"{&quot;_ha_eqh_enable&quot;:false}\">\n\t\t\t\t\t\t<div class=\"elementor-container elementor-column-gap-default\">\n\t\t\t\t\t\t\t<div class=\"elementor-row\">\n\t\t\t\t\t<div class=\"elementor-column elementor-col-50 elementor-top-column elementor-element elementor-element-e2f3a9b\" data-id=\"e2f3a9b\" data-element_type=\"column\">\n\t\t\t<div class=\"elementor-column-wrap elementor-element-populated\">\n\t\t\t\t\t\t\t<div class=\"elementor-widget-wrap\">\n\t\t\t\t\t\t<div class=\"elementor-element elementor-element-ef9a1d8 elementor-widget__width-initial elementor-widget elementor-widget-text-editor\" data-id=\"ef9a1d8\" data-element_type=\"widget\" data-widget_type=\"text-editor.default\">\n\t\t\t\t<div class=\"elementor-widget-container\">\n\t\t\t\t\t\t\t\t<div class=\"elementor-text-editor elementor-clearfix\">\n\t\t\t\t<p><span style=\"color: var(--global--color-primary); font-family: var(--global--font-secondary);\">Somos especialistas em proporcionar uma experi\u00eancia \u00fanica no com\u00e9rcio de materiais para constru\u00e7\u00e3o, atuando de forma focada em solu\u00e7\u00f5es para constru\u00e7\u00e3o a seco. Trabalhamos lado a lado com os melhores fornecedores e marcas do mercado para garantir produtos de alta qualidade, seguran\u00e7a e confiabilidade em todas as obras.<br \/><br \/><\/span><\/p><p>Nossa miss\u00e3o \u00e9 oferecer um atendimento excepcional, baseado na dedica\u00e7\u00e3o e no conhecimento de uma equipe com mais de 10 anos de experi\u00eancia no mercado. Estamos aqui para oferecer a voc\u00ea a melhor consultoria para o seu projeto.<br \/><br \/><\/p><p>Em cada etapa do nosso trabalho, primamos pelo comprometimento e pela pontualidade. Acreditamos que cumprir prazos e garantir a entrega de materiais no momento certo \u00e9 essencial para o sucesso dos projetos dos nossos clientes. Nossa busca cont\u00ednua pela excel\u00eancia nos servi\u00e7os prestados reflete nosso compromisso com a qualidade.<br \/><br \/><\/p><p>Valorizamos cada parceria e projeto que nos \u00e9 confiado. Nossa equipe est\u00e1 pronta para enfrentar novos desafios e oferecer solu\u00e7\u00f5es eficientes e inovadoras. Sua satisfa\u00e7\u00e3o \u00e9 nossa prioridade, e trabalhamos incansavelmente para que sua experi\u00eancia seja sempre a melhor poss\u00edvel.<br \/><br \/><\/p><p>Confie na TC Forros para levar seu projeto de constru\u00e7\u00e3o a um patamar elevado. Juntos, construiremos o futuro de forma s\u00f3lida, segura e com resultados excepcionais. Seja bem-vindo e conte conosco para o sucesso do seu projeto!<\/p>\t\t\t\t\t<\/div>\n\t\t\t\t\t\t<\/div>\n\t\t\t\t<\/div>\n\t\t\t\t\t\t<\/div>\n\t\t\t\t\t<\/div>\n\t\t<\/div>\n\t\t\t\t<div class=\"elementor-column elementor-col-50 elementor-top-column elementor-element elementor-element-a86ddfa\" data-id=\"a86ddfa\" data-element_type=\"column\">\n\t\t\t<div class=\"elementor-column-wrap elementor-element-populated\">\n\t\t\t\t\t\t\t<div class=\"elementor-widget-wrap\">\n\t\t\t\t\t\t<div class=\"elementor-element elementor-element-41371cea elementor-widget elementor-widget-image\" data-id=\"41371cea\" data-element_type=\"widget\" data-widget_type=\"image.default\">\n\t\t\t\t<div class=\"elementor-widget-container\">\n\t\t\t\t\t\t\t\t<div class=\"elementor-image\">\n\t\t\t\t\t\t\t\t\t\t\t\t<img loading=\"lazy\" decoding=\"async\" width=\"750\" height=\"563\" src=\"http:\/\/tcforros.com.br\/wp-content\/uploads\/2022\/07\/image0.jpeg\" class=\"attachment-large size-large wp-image-4485\" alt=\"\" srcset=\"http:\/\/tcforros.com.br\/wp-content\/uploads\/2022\/07\/image0.jpeg 1024w, http:\/\/tcforros.com.br\/wp-content\/uploads\/2022\/07\/image0-300x225.jpeg 300w, http:\/\/tcforros.com.br\/wp-content\/uploads\/2022\/07\/image0-768x576.jpeg 768w\" sizes=\"(max-width: 750px) 100vw, 750px\" style=\"width:100%;height:75%;max-width:1024px\" \/>\t\t\t\t\t\t\t\t\t\t\t\t\t\t<\/div>\n\t\t\t\t\t\t<\/div>\n\t\t\t\t<\/div>\n\t\t\t\t\t\t<\/div>\n\t\t\t\t\t<\/div>\n\t\t<\/div>\n\t\t\t\t\t\t\t\t<\/div>\n\t\t\t\t\t<\/div>\n\t\t<\/section>\n\t\t\t\t\t\t\t\t\t<\/div>\n\t\t\t<\/div>\n\t\t\t\t\t<\/div>\n\t\t","protected":false},"excerpt":{"rendered":"<p>UM POUCO SOBRE N\u00d3S Somos especialistas em proporcionar uma experi\u00eancia \u00fanica no com\u00e9rcio de materiais para constru\u00e7\u00e3o, atuando de forma focada em solu\u00e7\u00f5es para constru\u00e7\u00e3o a seco. Trabalhamos lado a lado com os melhores fornecedores e marcas do mercado para garantir produtos de alta qualidade, seguran\u00e7a e confiabilidade em todas as obras. Nossa miss\u00e3o \u00e9&hellip; <a class=\"more-link\" href=\"http:\/\/tcforros.com.br\/index.php\/quem-somos\/\">Continuar lendo <span class=\"screen-reader-text\">Quem Somos<\/span><\/a><\/p>\n","protected":false},"author":1,"featured_media":0,"parent":0,"menu_order":0,"comment_status":"closed","ping_status":"closed","template":"elementor_header_footer","meta":{"footnotes":""},"_links":{"self":[{"href":"http:\/\/tcforros.com.br\/index.php\/wp-json\/wp\/v2\/pages\/10"}],"collection":[{"href":"http:\/\/tcforros.com.br\/index.php\/wp-json\/wp\/v2\/pages"}],"about":[{"href":"http:\/\/tcforros.com.br\/index.php\/wp-json\/wp\/v2\/types\/page"}],"author":[{"embeddable":true,"href":"http:\/\/tcforros.com.br\/index.php\/wp-json\/wp\/v2\/users\/1"}],"replies":[{"embeddable":true,"href":"http:\/\/tcforros.com.br\/index.php\/wp-json\/wp\/v2\/comments?post=10"}],"version-history":[{"count":84,"href":"http:\/\/tcforros.com.br\/index.php\/wp-json\/wp\/v2\/pages\/10\/revisions"}],"predecessor-version":[{"id":4883,"href":"http:\/\/tcforros.com.br\/index.php\/wp-json\/wp\/v2\/pages\/10\/revisions\/4883"}],"wp:attachment":[{"href":"http:\/\/tcforros.com.br\/index.php\/wp-json\/wp\/v2\/media?parent=10"}],"curies":[{"name":"wp","href":"https:\/\/api.w.org\/{rel}","templated":true}]}}